{"id":3,"date":"2025-04-22T23:29:20","date_gmt":"2025-04-22T21:29:20","guid":{"rendered":"http:\/\/bezaiwp68.you2.pl\/?page_id=3"},"modified":"2026-03-28T11:30:16","modified_gmt":"2026-03-28T10:30:16","slug":"polityka-prywatnosci","status":"publish","type":"page","link":"http:\/\/mtech.leeonardo.pl\/index.php\/polityka-prywatnosci\/","title":{"rendered":"Polityka prywatno\u015bci"},"content":{"rendered":"\n<h2 id=\"gspb_heading-id-gsbp-ef44c57\" class=\"gspb_heading gspb_heading-id-gsbp-ef44c57 \">Polityka prywatno\u015bci<br><\/h2>\n\n\n\n<div id=\"gspb_text-id-gsbp-146b893\" class=\"gspb_text gspb_text-id-gsbp-146b893 \"><span class=\"gspb_heading_highlight gspb-inview-active\">1. Firma MTECH, w\u0142a\u015bciciel serwisu internetowego MTECH (mtech.info.pl), zobowi\u0105zuje si\u0119 do nale\u017cytej ochrony danych dotycz\u0105cych u\u017cytkownik\u00f3w serwisu. Korzystaj\u0105cy z serwisu MTECH potwierdzaj\u0105 akceptacj\u0119 niniejszych warunk\u00f3w, niezale\u017cnie od tego, czy zdecyduj\u0105 si\u0119 na korzystanie z dodatkowych funkcjonalno\u015bci (np. formularzy kontaktowych, komentarzy).<br><br>2. Dane dotycz\u0105ce u\u017cytkownik\u00f3w serwisu internetowego MTECH nie b\u0119d\u0105 przekazywane ani sprzedawane firmom ani osobom trzecim.<br><br>3. Dane przekazywane przez u\u017cytkownik\u00f3w serwisu b\u0119d\u0105 wykorzystane:<\/span><\/div>\n\n\n\n<div class=\"wp-block-greenshift-blocks-iconlist gspb_iconsList gspb_iconsList-id-gsbp-4c49c5b\" id=\"gspb_iconsList-id-gsbp-4c49c5b\"><div class=\"gspb_iconsList__item\" data-id=\"0\"><svg class=\"\" style=\"display:inline-block;vertical-align:middle\" width=\"18\" height=\"18\" viewBox=\"0 0 1024 1024\" xmlns=\"http:\/\/www.w3.org\/2000\/svg\"><path style=\"fill:#565D66\" d=\"M871.696 166.932l-526.088 526.088-193.304-193.304c-9.372-9.372-24.568-9.372-33.942 0l-56.568 56.568c-9.372 9.372-9.372 24.568 0 33.942l266.842 266.842c9.372 9.372 24.568 9.372 33.942 0l599.626-599.626c9.372-9.372 9.372-24.568 0-33.942l-56.568-56.568c-9.372-9.372-24.568-9.372-33.94 0z\"><\/path><\/svg><span class=\"gspb_iconsList__item__text\">w celu odpowiadania na zapytania kierowane przez formularz kontaktowy lub inne formy kontaktu,<\/span><\/div><div class=\"gspb_iconsList__item\" data-id=\"1\"><svg class=\"\" style=\"display:inline-block;vertical-align:middle\" width=\"18\" height=\"18\" viewBox=\"0 0 1024 1024\" xmlns=\"http:\/\/www.w3.org\/2000\/svg\"><path style=\"fill:#565D66\" d=\"M871.696 166.932l-526.088 526.088-193.304-193.304c-9.372-9.372-24.568-9.372-33.942 0l-56.568 56.568c-9.372 9.372-9.372 24.568 0 33.942l266.842 266.842c9.372 9.372 24.568 9.372 33.942 0l599.626-599.626c9.372-9.372 9.372-24.568 0-33.942l-56.568-56.568c-9.372-9.372-24.568-9.372-33.94 0z\"><\/path><\/svg><span class=\"gspb_iconsList__item__text\">w celu obs\u0142ugi komentarzy publikowanych w serwisie (np. identyfikacja autora, moderacja tre\u015bci),<\/span><\/div><div class=\"gspb_iconsList__item\" data-id=\"2\"><svg class=\"\" style=\"display:inline-block;vertical-align:middle\" width=\"18\" height=\"18\" viewBox=\"0 0 1024 1024\" xmlns=\"http:\/\/www.w3.org\/2000\/svg\"><path style=\"fill:#565D66\" d=\"M871.696 166.932l-526.088 526.088-193.304-193.304c-9.372-9.372-24.568-9.372-33.942 0l-56.568 56.568c-9.372 9.372-9.372 24.568 0 33.942l266.842 266.842c9.372 9.372 24.568 9.372 33.942 0l599.626-599.626c9.372-9.372 9.372-24.568 0-33.942l-56.568-56.568c-9.372-9.372-24.568-9.372-33.94 0z\"><\/path><\/svg><span class=\"gspb_iconsList__item__text\">w celu weryfikacji to\u017csamo\u015bci u\u017cytkownika oraz zapewnienia bezpiecze\u0144stwa serwisu,<\/span><\/div><div class=\"gspb_iconsList__item\" data-id=\"3\"><svg class=\"\" style=\"display:inline-block;vertical-align:middle\" width=\"18\" height=\"18\" viewBox=\"0 0 1024 1024\" xmlns=\"http:\/\/www.w3.org\/2000\/svg\"><path style=\"fill:#565D66\" d=\"M871.696 166.932l-526.088 526.088-193.304-193.304c-9.372-9.372-24.568-9.372-33.942 0l-56.568 56.568c-9.372 9.372-9.372 24.568 0 33.942l266.842 266.842c9.372 9.372 24.568 9.372 33.942 0l599.626-599.626c9.372-9.372 9.372-24.568 0-33.942l-56.568-56.568c-9.372-9.372-24.568-9.372-33.94 0z\"><\/path><\/svg><span class=\"gspb_iconsList__item__text\">w celu umo\u017cliwienia u\u017cytkownikom korzystania z interaktywnych funkcji serwisu (np. komentarze),<\/span><\/div><div class=\"gspb_iconsList__item\" data-id=\"4\"><svg class=\"\" style=\"display:inline-block;vertical-align:middle\" width=\"18\" height=\"18\" viewBox=\"0 0 1024 1024\" xmlns=\"http:\/\/www.w3.org\/2000\/svg\"><path style=\"fill:#565D66\" d=\"M871.696 166.932l-526.088 526.088-193.304-193.304c-9.372-9.372-24.568-9.372-33.942 0l-56.568 56.568c-9.372 9.372-9.372 24.568 0 33.942l266.842 266.842c9.372 9.372 24.568 9.372 33.942 0l599.626-599.626c9.372-9.372 9.372-24.568 0-33.942l-56.568-56.568c-9.372-9.372-24.568-9.372-33.94 0z\"><\/path><\/svg><span class=\"gspb_iconsList__item__text\">w celu powiadamiania u\u017cytkownik\u00f3w o zmianach w serwisie, zasadach, warunkach i politykach,<\/span><\/div><div class=\"gspb_iconsList__item\" data-id=\"5\"><svg class=\"\" style=\"display:inline-block;vertical-align:middle\" width=\"18\" height=\"18\" viewBox=\"0 0 1024 1024\" xmlns=\"http:\/\/www.w3.org\/2000\/svg\"><path style=\"fill:#565D66\" d=\"M871.696 166.932l-526.088 526.088-193.304-193.304c-9.372-9.372-24.568-9.372-33.942 0l-56.568 56.568c-9.372 9.372-9.372 24.568 0 33.942l266.842 266.842c9.372 9.372 24.568 9.372 33.942 0l599.626-599.626c9.372-9.372 9.372-24.568 0-33.942l-56.568-56.568c-9.372-9.372-24.568-9.372-33.94 0z\"><\/path><\/svg><span class=\"gspb_iconsList__item__text\">w celu zarz\u0105dzania i prowadzenia dokumentacji przez MTECH,<\/span><\/div><div class=\"gspb_iconsList__item\" data-id=\"6\"><svg class=\"\" style=\"display:inline-block;vertical-align:middle\" width=\"18\" height=\"18\" viewBox=\"0 0 1024 1024\" xmlns=\"http:\/\/www.w3.org\/2000\/svg\"><path style=\"fill:#565D66\" d=\"M871.696 166.932l-526.088 526.088-193.304-193.304c-9.372-9.372-24.568-9.372-33.942 0l-56.568 56.568c-9.372 9.372-9.372 24.568 0 33.942l266.842 266.842c9.372 9.372 24.568 9.372 33.942 0l599.626-599.626c9.372-9.372 9.372-24.568 0-33.942l-56.568-56.568c-9.372-9.372-24.568-9.372-33.94 0z\"><\/path><\/svg><span class=\"gspb_iconsList__item__text\">w celu zapobiegania lub wykrywania nadu\u017cy\u0107 lub oszustw,<\/span><\/div><div class=\"gspb_iconsList__item\" data-id=\"7\"><svg class=\"\" style=\"display:inline-block;vertical-align:middle\" width=\"18\" height=\"18\" viewBox=\"0 0 1024 1024\" xmlns=\"http:\/\/www.w3.org\/2000\/svg\"><path style=\"fill:#565D66\" d=\"M871.696 166.932l-526.088 526.088-193.304-193.304c-9.372-9.372-24.568-9.372-33.942 0l-56.568 56.568c-9.372 9.372-9.372 24.568 0 33.942l266.842 266.842c9.372 9.372 24.568 9.372 33.942 0l599.626-599.626c9.372-9.372 9.372-24.568 0-33.942l-56.568-56.568c-9.372-9.372-24.568-9.372-33.94 0z\"><\/path><\/svg><span class=\"gspb_iconsList__item__text\">w celach marketingowych, reklamowych i badania opinii. Za wyra\u017an\u0105 zgod\u0105 u\u017cytkownika, firma MTECH mo\u017ce kontaktowa\u0107 si\u0119 z nim, korzystaj\u0105c z podanych przez niego danych kontaktowych (np. poczt\u0105 elektroniczn\u0105 lub telefonicznie).<\/span><\/div><\/div>\n\n\n\n<div id=\"gspb_text-id-gsbp-8b52d46\" class=\"gspb_text gspb_text-id-gsbp-8b52d46 \"><span class=\"gspb_heading_highlight gspb-inview-active\"><br>4. Okres wykorzystywania przekazanych przez u\u017cytkownika danych osobowych nie b\u0119dzie d\u0142u\u017cszy ni\u017c uznany przez firm\u0119 MTECH za konieczny, jednak mo\u017ce on by\u0107 nieograniczony.<br><br>5. Firma MTECH mo\u017ce ujawnia\u0107 dane u\u017cytkownika w zakresie, w jakim ma obowi\u0105zek ujawnia\u0107 lub udost\u0119pnia\u0107 dane osobowe w celu realizacji obowi\u0105zk\u00f3w prawnych lub nakaz\u00f3w w\u0142a\u015bciwych organ\u00f3w, lub w celu ochrony praw, w\u0142asno\u015bci lub bezpiecze\u0144stwa firmy MTECH, jej pracownik\u00f3w, klient\u00f3w lub innych os\u00f3b. Dotyczy to tak\u017ce wymiany informacji z innymi podmiotami dla cel\u00f3w zapobiegania oszustwom.<br><br>6. U\u017cytkownicy maj\u0105 prawo anulowa\u0107 wyra\u017con\u0105 zgod\u0119 na przetwarzanie ich danych osobowych dla cel\u00f3w marketingowych lub nie wyrazi\u0107 zgody na takie przetwarzanie.\u00a0<br><br>7. Niezale\u017cnie od danych osobowych podanych podczas korzystania z serwisu, w\u0142a\u015bciciel serwisu mo\u017ce wykorzysta\u0107 technologie pozwalaj\u0105ce na zbieranie niekt\u00f3rych informacji technicznych, takich jak adres IP u\u017cytkownika, typ przegl\u0105darki internetowej oraz u\u017cywany system operacyjny.<br><br>8. Serwis mtech.info.pl zapisuje na komputerze u\u017cytkownika pliki cookies (ciasteczka), u\u017cywane do przechowywania informacji dla potrzeb funkcjonalno\u015bci \u2013 np. zapisywanie preferencji przegl\u0105dania lub obs\u0142uga komentarzy. Celem jest u\u0142atwienie korzystania z serwisu przy kolejnej wizycie.<br><br>U\u017cytkownik sam decyduje o tym, kt\u00f3re pliki cookies i w jaki spos\u00f3b s\u0105 zapisywane, poprzez ustawienia przegl\u0105darki internetowej (np. Mozilla Firefox, Google Chrome, Safari). Ograniczenie stosowania plik\u00f3w cookies mo\u017ce wp\u0142yn\u0105\u0107 na niekt\u00f3re funkcjonalno\u015bci serwisu.<br><br>9. W\u0142a\u015bciciel serwisu oraz podmioty obs\u0142uguj\u0105ce serwis internetowy gromadz\u0105 statystyki odwiedzin serwisu mtech.info.pl.<br><br>10. Niniejsza polityka nie narusza bezwzgl\u0119dnie obowi\u0105zuj\u0105cych przepis\u00f3w prawa. W razie sprzeczno\u015bci postanowie\u0144 polityki z obowi\u0105zuj\u0105cymi przepisami, zastosowanie maj\u0105 odpowiednie przepisy prawa.<br><br>11. Dla korzystania z serwisu internetowego <a href=\"http:\/\/www.mtech.info.pl\">www.mtech.info.pl<\/a> wymagany jest komputer lub urz\u0105dzenie mobilne z dost\u0119pem do Internetu oraz przegl\u0105darka internetowa.<br><br>12. W razie jakichkolwiek pyta\u0144 dotycz\u0105cych przetwarzania danych osobowych lub polityki prywatno\u015bci, prosimy o kontakt.<br><br>Dane kontaktowe:\u00a0<br><br>M TECH Micha\u0142 Mazurkiewicz<br>ul. Wroc\u0142awska 82,<br>55-002 Kamieniec Wroc\u0142awski<br>NIP: 7342647547<br>mtech.info.pl<br>e-mail:\u00a0info@mtech.info.pl<\/span><\/div>\n","protected":false},"excerpt":{"rendered":"","protected":false},"author":1,"featured_media":0,"parent":0,"menu_order":0,"comment_status":"closed","ping_status":"closed","template":"no-title","meta":{"_gspb_post_css":"@import url(https:\/\/fonts.googleapis.com\/css?family=Alegreya+Sans+SC);#gspb_heading-id-gsbp-ef44c57{font-weight:400;font-family:Alegreya Sans SC,sans-serif}.gspb_text-id-gsbp-146b893 .gspb_heading_highlight,.gspb_text-id-gsbp-8b52d46 .gspb_heading_highlight{display:inline;background-repeat:no-repeat;background-image:linear-gradient(undefined 0%,undefined 100%);transition:background-size .9s;background-size:0 70%;text-decoration:none;padding:0;background-position:0 85%}.gspb_text-id-gsbp-146b893 .gspb_heading_highlight.gspb-inview-active,.gspb_text-id-gsbp-8b52d46 .gspb_heading_highlight.gspb-inview-active{background-size:100% 70%}#gspb_iconsList-id-gsbp-4c49c5b.gspb_iconsList .gspb_iconsList__item__text{margin-left:15px}#gspb_iconsList-id-gsbp-4c49c5b.gspb_iconsList .gspb_iconsList__item{display:flex;flex-direction:row;align-items:center;position:relative}#gspb_iconsList-id-gsbp-4c49c5b.gspb_iconsList .gspb_iconsList__item svg path{fill:#2184f9!important}#gspb_iconsList-id-gsbp-4c49c5b.gspb_iconsList [data-id='0'] svg,#gspb_iconsList-id-gsbp-4c49c5b.gspb_iconsList [data-id='0'] svg path{fill:#e3051e!important}#gspb_iconsList-id-gsbp-4c49c5b.gspb_iconsList [data-id='0'] svg,body #gspb_iconsList-id-gsbp-4c49c5b.gspb_iconsList .gspb_iconsList__item img,body #gspb_iconsList-id-gsbp-4c49c5b.gspb_iconsList .gspb_iconsList__item svg{margin:0!important}#gspb_iconsList-id-gsbp-4c49c5b.gspb_iconsList [data-id='1'] svg,#gspb_iconsList-id-gsbp-4c49c5b.gspb_iconsList [data-id='1'] svg path{fill:#e3051e!important}#gspb_iconsList-id-gsbp-4c49c5b.gspb_iconsList [data-id='1'] svg{margin:0!important}#gspb_iconsList-id-gsbp-4c49c5b.gspb_iconsList [data-id='2'] svg,#gspb_iconsList-id-gsbp-4c49c5b.gspb_iconsList [data-id='2'] svg path{fill:#e3051e!important}#gspb_iconsList-id-gsbp-4c49c5b.gspb_iconsList [data-id='2'] svg{margin:0!important}#gspb_iconsList-id-gsbp-4c49c5b.gspb_iconsList [data-id='3'] svg,#gspb_iconsList-id-gsbp-4c49c5b.gspb_iconsList [data-id='3'] svg path{fill:#e3051e!important}#gspb_iconsList-id-gsbp-4c49c5b.gspb_iconsList [data-id='3'] svg{margin:0!important}#gspb_iconsList-id-gsbp-4c49c5b.gspb_iconsList [data-id='4'] svg,#gspb_iconsList-id-gsbp-4c49c5b.gspb_iconsList [data-id='4'] svg path{fill:#e3051e!important}#gspb_iconsList-id-gsbp-4c49c5b.gspb_iconsList [data-id='4'] svg{margin:0!important}#gspb_iconsList-id-gsbp-4c49c5b.gspb_iconsList [data-id='5'] svg,#gspb_iconsList-id-gsbp-4c49c5b.gspb_iconsList [data-id='5'] svg path{fill:#e3051e!important}#gspb_iconsList-id-gsbp-4c49c5b.gspb_iconsList [data-id='5'] svg{margin:0!important}#gspb_iconsList-id-gsbp-4c49c5b.gspb_iconsList [data-id='6'] svg,#gspb_iconsList-id-gsbp-4c49c5b.gspb_iconsList [data-id='6'] svg path{fill:#e3051e!important}#gspb_iconsList-id-gsbp-4c49c5b.gspb_iconsList [data-id='6'] svg{margin:0!important}#gspb_iconsList-id-gsbp-4c49c5b.gspb_iconsList [data-id='7'] svg,#gspb_iconsList-id-gsbp-4c49c5b.gspb_iconsList [data-id='7'] svg path{fill:#e3051e!important}#gspb_iconsList-id-gsbp-4c49c5b.gspb_iconsList [data-id='7'] svg{margin:0!important}","footnotes":""},"class_list":["post-3","page","type-page","status-publish","hentry"],"_links":{"self":[{"href":"http:\/\/mtech.leeonardo.pl\/index.php\/wp-json\/wp\/v2\/pages\/3","targetHints":{"allow":["GET"]}}],"collection":[{"href":"http:\/\/mtech.leeonardo.pl\/index.php\/wp-json\/wp\/v2\/pages"}],"about":[{"href":"http:\/\/mtech.leeonardo.pl\/index.php\/wp-json\/wp\/v2\/types\/page"}],"author":[{"embeddable":true,"href":"http:\/\/mtech.leeonardo.pl\/index.php\/wp-json\/wp\/v2\/users\/1"}],"replies":[{"embeddable":true,"href":"http:\/\/mtech.leeonardo.pl\/index.php\/wp-json\/wp\/v2\/comments?post=3"}],"version-history":[{"count":4,"href":"http:\/\/mtech.leeonardo.pl\/index.php\/wp-json\/wp\/v2\/pages\/3\/revisions"}],"predecessor-version":[{"id":291,"href":"http:\/\/mtech.leeonardo.pl\/index.php\/wp-json\/wp\/v2\/pages\/3\/revisions\/291"}],"wp:attachment":[{"href":"http:\/\/mtech.leeonardo.pl\/index.php\/wp-json\/wp\/v2\/media?parent=3"}],"curies":[{"name":"wp","href":"https:\/\/api.w.org\/{rel}","templated":true}]}}