{"id":399,"date":"2026-04-13T21:35:03","date_gmt":"2026-04-13T19:35:03","guid":{"rendered":"https:\/\/mtech.leeonardo.pl\/?page_id=399"},"modified":"2026-04-15T20:37:47","modified_gmt":"2026-04-15T18:37:47","slug":"promocje","status":"publish","type":"page","link":"https:\/\/mtech.leeonardo.pl\/index.php\/promocje\/","title":{"rendered":"Promocje"},"content":{"rendered":"\n<div class=\"wp-block-greenshift-blocks-row alignfull gspb_row gspb_row-id-gsbp-f1515cd7-af22\" id=\"gspb_row-id-gsbp-f1515cd7-af22\"><div class=\"gspb_backgroundOverlay\"><\/div><div class=\"gspb_row__content\"> \n<div class=\"wp-block-greenshift-blocks-row-column gspb_row__col--6 gspb_row__col--sm-12 gspb_col-id-gsbp-a82714db-adbd\" id=\"gspb_col-id-gsbp-a82714db-adbd\">\n<h2 id=\"gspb_heading-id-gsbp-8d91297\" class=\"gspb_heading gspb_heading-id-gsbp-8d91297 \">Promocje<\/h2>\n<\/div>\n\n\n\n<div class=\"wp-block-greenshift-blocks-row-column gspb_row__col--6 gspb_row__col--sm-12 gspb_col-id-gsbp-20100a71-f038\" id=\"gspb_col-id-gsbp-20100a71-f038\"><\/div>\n <\/div><\/div>\n\n\n\n<div class=\"wp-block-greenshift-blocks-row alignwide gspb_row gspb_row-id-gsbp-179e0ba\" id=\"gspb_row-id-gsbp-179e0ba\"><div class=\"gspb_row__content\"> \n<div class=\"wp-block-greenshift-blocks-row-column gspb_row__col--6 gspb_col-id-gsbp-721d3e5\" id=\"gspb_col-id-gsbp-721d3e5\">\n<h2 id=\"gspb_heading-id-gsbp-56caec0\" class=\"gspb_heading gspb_heading-id-gsbp-56caec0 \" data-aos=\"fade-left\" data-aos-easing=\"ease\" data-aos-duration=\"800\" data-aos-once=\"true\">ju\u017c wkr\u00f3tce<\/h2>\n\n\n\n<div id=\"gspb_text-id-gsbp-f9ee5d6\" class=\"gspb_text gspb_text-id-gsbp-f9ee5d6 \" data-aos=\"fade-right\" data-aos-easing=\"ease\" data-aos-duration=\"800\" data-aos-once=\"true\">Aktualnie brak aktywnych promocji \u2014 nowe oferty pojawi\u0105 si\u0119 wkr\u00f3tce, zach\u0119camy do \u015bledzenia nadchodz\u0105cych okazji.<\/div>\n<\/div>\n\n\n\n<div class=\"wp-block-greenshift-blocks-row-column gspb_row__col--6 gspb_col-id-gsbp-e3f22f2\" id=\"gspb_col-id-gsbp-e3f22f2\">\n<div class=\"wp-block-greenshift-blocks-image gspb_image gspb_image-id-gsbp-1441ac3\" id=\"gspb_image-id-gsbp-1441ac3\"><img decoding=\"async\" src=\"http:\/\/mtech.leeonardo.pl\/wp-content\/uploads\/2026\/04\/promocje.png\" data-src=\"\" alt=\"obrazek o nadchodzacych promocjach\" loading=\"lazy\" width=\"1024\" height=\"1024\" data-aos=\"fade-left\" data-aos-easing=\"ease\" data-aos-duration=\"800\" data-aos-once=\"true\"\/><\/div>\n<\/div>\n <\/div><\/div>\n","protected":false},"excerpt":{"rendered":"","protected":false},"author":1,"featured_media":0,"parent":0,"menu_order":0,"comment_status":"closed","ping_status":"closed","template":"no-title","meta":{"_gspb_post_css":"@import url(https:\/\/fonts.googleapis.com\/css?family=Alegreya+Sans+SC|Alegreya+Sans+SC:500|Roboto);#gspb_row-id-gsbp-f1515cd7-af22{justify-content:space-between;margin-top:0;margin-bottom:0;display:flex;flex-wrap:wrap;min-height:40vh;align-content:center;padding-top:120px;padding-bottom:110px;overflow:hidden;background-size:cover;background-repeat:no-repeat;background-position:51% 32%;background-image:url(http:\/\/mtech.leeonardo.pl\/wp-content\/uploads\/2026\/03\/lee_rg_premium_machining_tools_banner_carbide_milling_cutters_1fdbe010-2503-4888-b670-59ca060fdeb8_1.png);isolation:isolate}#gspb_row-id-gsbp-f1515cd7-af22>.gspb_row__content{display:flex;justify-content:space-between;margin:0 auto;width:100%;flex-wrap:wrap;align-items:center}.gspb_row{position:relative}div[id^=gspb_col-id]{box-sizing:border-box;position:relative;padding:var(--gs-row-column-padding, 15px min(3vw, 20px))}body.gspb-bodyfront #gspb_row-id-gsbp-179e0ba>.gspb_row__content,body.gspb-bodyfront #gspb_row-id-gsbp-f1515cd7-af22>.gspb_row__content{max-width:var(--wp--style--global--wide-size, 1200px)}#gspb_row-id-gsbp-f1515cd7-af22:hover{background-size:cover}#gspb_row-id-gsbp-f1515cd7-af22>.gspb_backgroundOverlay{position:absolute;top:0;left:0;width:100%;height:100%;z-index:-1;background-image:linear-gradient(120deg,#fff 38%,rgba(255,255,255,0) 82%)}#gspb_col-id-gsbp-a82714db-adbd.gspb_row__col--6{width:50%}@media (max-width:767.98px){#gspb_col-id-gsbp-a82714db-adbd.gspb_row__col--6{width:100%}}@media (max-width:575.98px){#gspb_col-id-gsbp-a82714db-adbd.gspb_row__col--6{width:100%}}#gspb_heading-id-gsbp-8d91297{font-weight:500;font-family:Alegreya Sans SC,sans-serif;text-transform:uppercase;font-size:clamp(5rem,5vw,4.5rem);line-height:clamp(4.5rem,4.5vw,6rem);text-align:left!important;margin-top:0;margin-bottom:20px}#gspb_heading-id-gsbp-8d91297 .gsap-g-line{text-align:left!important}#gspb_col-id-gsbp-20100a71-f038.gspb_row__col--6{width:50%}@media (max-width:767.98px){#gspb_col-id-gsbp-20100a71-f038.gspb_row__col--6{width:100%}}@media (max-width:575.98px){#gspb_col-id-gsbp-20100a71-f038.gspb_row__col--6{width:100%}}#gspb_row-id-gsbp-179e0ba{justify-content:space-between;display:flex;flex-wrap:wrap;align-content:center;margin-top:50px;margin-bottom:50px}#gspb_row-id-gsbp-179e0ba>.gspb_row__content{display:flex;justify-content:space-between;margin:0 auto;width:100%;flex-wrap:wrap;align-items:center}#gspb_col-id-gsbp-721d3e5.gspb_row__col--6{width:50%}@media (max-width:575.98px){#gspb_col-id-gsbp-721d3e5.gspb_row__col--6{width:100%}}#gspb_heading-id-gsbp-56caec0{transform:var(--gs-root-animation-transform, translate3d(calc(max(50px, 15%)), 0, 0));font-weight:400;font-family:Roboto,sans-serif;text-transform:uppercase;color:#e3051e;margin-top:0}#gspb_heading-id-gsbp-56caec0.aos-animate,#gspb_heading-id-gsbp-56caec0[data-gs-aos],#gspb_image-id-gsbp-1441ac3 img.aos-animate,#gspb_image-id-gsbp-1441ac3 img[data-gs-aos],.gspb_text-id-gsbp-f9ee5d6.aos-animate,.gspb_text-id-gsbp-f9ee5d6[data-gs-aos]{opacity:1;transform:translateZ(0)}#gspb_heading-id-gsbp-56caec0,#gspb_image-id-gsbp-1441ac3 img,.gspb_text-id-gsbp-f9ee5d6{transition-duration:.8s;transition-timing-function:var(--gs-root-animation-easing, cubic-bezier(0.42, 0, 0.58, 1));opacity:var(--gs-root-animation-opacity, 0);transition-property:opacity,transform,filter}.gspb_text-id-gsbp-f9ee5d6{transform:var(--gs-root-animation-transform, translate3d(calc(max(50px, 15%) * -1), 0, 0))}#gspb_col-id-gsbp-e3f22f2.gspb_row__col--6{width:50%}@media (max-width:575.98px){#gspb_col-id-gsbp-e3f22f2.gspb_row__col--6{width:100%}}#gspb_image-id-gsbp-1441ac3 img{vertical-align:top;display:inline-block;box-sizing:border-box;max-width:100%;height:auto;transform:var(--gs-root-animation-transform, translate3d(calc(max(50px, 15%)), 0, 0))}","footnotes":""},"class_list":["post-399","page","type-page","status-publish","hentry"],"_links":{"self":[{"href":"https:\/\/mtech.leeonardo.pl\/index.php\/wp-json\/wp\/v2\/pages\/399","targetHints":{"allow":["GET"]}}],"collection":[{"href":"https:\/\/mtech.leeonardo.pl\/index.php\/wp-json\/wp\/v2\/pages"}],"about":[{"href":"https:\/\/mtech.leeonardo.pl\/index.php\/wp-json\/wp\/v2\/types\/page"}],"author":[{"embeddable":true,"href":"https:\/\/mtech.leeonardo.pl\/index.php\/wp-json\/wp\/v2\/users\/1"}],"replies":[{"embeddable":true,"href":"https:\/\/mtech.leeonardo.pl\/index.php\/wp-json\/wp\/v2\/comments?post=399"}],"version-history":[{"count":3,"href":"https:\/\/mtech.leeonardo.pl\/index.php\/wp-json\/wp\/v2\/pages\/399\/revisions"}],"predecessor-version":[{"id":444,"href":"https:\/\/mtech.leeonardo.pl\/index.php\/wp-json\/wp\/v2\/pages\/399\/revisions\/444"}],"wp:attachment":[{"href":"https:\/\/mtech.leeonardo.pl\/index.php\/wp-json\/wp\/v2\/media?parent=399"}],"curies":[{"name":"wp","href":"https:\/\/api.w.org\/{rel}","templated":true}]}}