{"id":401,"date":"2026-04-13T21:35:18","date_gmt":"2026-04-13T19:35:18","guid":{"rendered":"https:\/\/mtech.leeonardo.pl\/?page_id=401"},"modified":"2026-04-15T20:11:53","modified_gmt":"2026-04-15T18:11:53","slug":"do-pobrania","status":"publish","type":"page","link":"https:\/\/mtech.leeonardo.pl\/index.php\/do-pobrania\/","title":{"rendered":"Do Pobrania"},"content":{"rendered":"\n<div class=\"wp-block-greenshift-blocks-row alignfull gspb_row gspb_row-id-gsbp-f1515cd7-af22\" id=\"gspb_row-id-gsbp-f1515cd7-af22\"><div class=\"gspb_backgroundOverlay\"><\/div><div class=\"gspb_row__content\"> \n<div class=\"wp-block-greenshift-blocks-row-column gspb_row__col--6 gspb_row__col--sm-12 gspb_col-id-gsbp-a82714db-adbd\" id=\"gspb_col-id-gsbp-a82714db-adbd\">\n<h2 id=\"gspb_heading-id-gsbp-8d91297\" class=\"gspb_heading gspb_heading-id-gsbp-8d91297 \">DO pobrania<\/h2>\n<\/div>\n\n\n\n<div class=\"wp-block-greenshift-blocks-row-column gspb_row__col--6 gspb_row__col--sm-12 gspb_col-id-gsbp-20100a71-f038\" id=\"gspb_col-id-gsbp-20100a71-f038\"><\/div>\n <\/div><\/div>\n\n\n\n<div class=\"wp-block-greenshift-blocks-row alignwide gspb_row gspb_row-id-gsbp-179e0ba\" id=\"gspb_row-id-gsbp-179e0ba\"><div class=\"gspb_row__content\"> \n<div class=\"wp-block-greenshift-blocks-row-column gspb_row__col--6 gspb_col-id-gsbp-721d3e5\" id=\"gspb_col-id-gsbp-721d3e5\">\n<h2 id=\"gspb_heading-id-gsbp-56caec0\" class=\"gspb_heading gspb_heading-id-gsbp-56caec0 \" data-aos=\"fade-left\" data-aos-easing=\"ease\" data-aos-duration=\"800\" data-aos-once=\"true\">Kennametal <\/h2>\n\n\n\n<div id=\"gspb_text-id-gsbp-f9ee5d6\" class=\"gspb_text gspb_text-id-gsbp-f9ee5d6 \" data-aos=\"fade-right\" data-aos-easing=\"ease\" data-aos-duration=\"800\" data-aos-once=\"true\">Katalog <strong>Kennametal <\/strong>zawiera kompleksowy przegl\u0105d system\u00f3w narz\u0119dziowych i rozwi\u0105za\u0144 do obr\u00f3bki metalu, obejmuj\u0105cy narz\u0119dzia skrawaj\u0105ce, oprawki oraz technologie wspieraj\u0105ce precyzyjne i wydajne procesy produkcyjne w r\u00f3\u017cnych zastosowaniach przemys\u0142owych.<br><br>Kliknij na ok\u0142adk\u0119 aby pobra\u0107 katalog<\/div>\n<\/div>\n\n\n\n<div class=\"wp-block-greenshift-blocks-row-column gspb_row__col--6 gspb_col-id-gsbp-e3f22f2\" id=\"gspb_col-id-gsbp-e3f22f2\">\n<div class=\"wp-block-greenshift-blocks-image gspb_image gspb_image-id-gsbp-1441ac3\" id=\"gspb_image-id-gsbp-1441ac3\"><a href=\"http:\/\/mtech.leeonardo.pl\/wp-content\/uploads\/2026\/04\/Kennametal-First-Choice-metryczne.pdf\" target=\"_blank\" ><img decoding=\"async\" src=\"https:\/\/mtech.leeonardo.pl\/wp-content\/uploads\/2026\/04\/Kennametal-cover-725x1024.png\" data-src=\"\" alt=\"Okadka katalogu Kennameal\" loading=\"lazy\" width=\"725\" height=\"1024\" data-aos=\"fade-left\" data-aos-easing=\"ease\" data-aos-duration=\"800\" data-aos-once=\"true\"\/><\/a><\/div>\n<\/div>\n <\/div><\/div>\n\n\n\n<div class=\"wp-block-greenshift-blocks-row alignwide gspb_row gspb_row-id-gsbp-940315e\" id=\"gspb_row-id-gsbp-940315e\"><div class=\"gspb_row__content\"> \n<div class=\"wp-block-greenshift-blocks-row-column gspb_row__col--6 gspb_col-id-gsbp-36236b0\" id=\"gspb_col-id-gsbp-36236b0\">\n<div class=\"wp-block-greenshift-blocks-image gspb_image gspb_image-id-gsbp-8a4a2ab\" id=\"gspb_image-id-gsbp-8a4a2ab\"><a href=\"https:\/\/www.smwautoblok.com\/us\/en\/catalogs\/\" target=\"_blank\" ><img decoding=\"async\" src=\"http:\/\/mtech.leeonardo.pl\/wp-content\/uploads\/2026\/04\/Autoblock-catalog-cover.png\" data-src=\"\" alt=\"okadka katalogu Autoblok\" loading=\"lazy\" width=\"697\" height=\"622\" data-aos=\"fade-right\" data-aos-easing=\"ease\" data-aos-duration=\"800\" data-aos-once=\"true\"\/><\/a><\/div>\n<\/div>\n\n\n\n<div class=\"wp-block-greenshift-blocks-row-column gspb_row__col--6 gspb_col-id-gsbp-65e45b7\" id=\"gspb_col-id-gsbp-65e45b7\">\n<h2 id=\"gspb_heading-id-gsbp-6b58157\" class=\"gspb_heading gspb_heading-id-gsbp-6b58157 \" data-aos=\"fade-left\" data-aos-easing=\"ease\" data-aos-duration=\"800\" data-aos-once=\"true\">SMW AUTOBLOK<\/h2>\n\n\n\n<div id=\"gspb_text-id-gsbp-3ef9d3e\" class=\"gspb_text gspb_text-id-gsbp-3ef9d3e \" data-aos=\"fade-left\" data-aos-delay=\"200\" data-aos-easing=\"ease\" data-aos-duration=\"800\" data-aos-once=\"true\">Katalogi SMW-Autoblok prezentuj\u0105 pe\u0142n\u0105 ofert\u0119 system\u00f3w mocowania detali do obr\u00f3bki metalu, obejmuj\u0105c uchwyty tokarskie, systemy zaciskowe, szcz\u0119ki oraz rozwi\u0105zania do frezowania, szlifowania i automatyzacji, wraz ze szczeg\u00f3\u0142owymi danymi technicznymi i zastosowaniami przemys\u0142owymi.<br><br>Kliknij na ok\u0142adk\u0119 aby przej\u015b\u0107 do katalog\u00f3w<\/div>\n<\/div>\n <\/div><\/div>\n\n\n\n<div class=\"wp-block-greenshift-blocks-row alignwide gspb_row gspb_row-id-gsbp-c2141f5\" id=\"gspb_row-id-gsbp-c2141f5\"><div class=\"gspb_row__content\"> \n<div class=\"wp-block-greenshift-blocks-row-column gspb_row__col--6 gspb_col-id-gsbp-be74132\" id=\"gspb_col-id-gsbp-be74132\">\n<h2 id=\"gspb_heading-id-gsbp-fc00784\" class=\"gspb_heading gspb_heading-id-gsbp-fc00784 \" data-aos=\"fade-right\" data-aos-easing=\"ease\" data-aos-duration=\"800\" data-aos-once=\"true\">ATA SGS Pro<\/h2>\n\n\n\n<div id=\"gspb_text-id-gsbp-266d2e0\" class=\"gspb_text gspb_text-id-gsbp-266d2e0 \" data-aos=\"fade-right\" data-aos-delay=\"200\" data-aos-easing=\"ease\" data-aos-duration=\"800\" data-aos-once=\"true\">Katalog SGS Pro ATA prezentuje szerok\u0105 gam\u0119 profesjonalnych narz\u0119dzi do obr\u00f3bki wyka\u0144czaj\u0105cej metalu, w szczeg\u00f3lno\u015bci frez\u00f3w trzpieniowych (pilnik\u00f3w obrotowych) z w\u0119glika spiekanego, obejmuj\u0105cych rozwi\u0105zania og\u00f3lnego zastosowania oraz specjalistyczne geometrie dedykowane konkretnym materia\u0142om, wraz z danymi technicznymi, parametrami pracy i zastosowaniami przemys\u0142owymi.<br><br>Kliknij na ok\u0142adk\u0119 aby pobra\u0107 katalog<\/div>\n<\/div>\n\n\n\n<div class=\"wp-block-greenshift-blocks-row-column gspb_row__col--6 gspb_col-id-gsbp-8ad33e4\" id=\"gspb_col-id-gsbp-8ad33e4\">\n<div class=\"wp-block-greenshift-blocks-image gspb_image gspb_image-id-gsbp-1925653\" id=\"gspb_image-id-gsbp-1925653\"><a href=\"http:\/\/mtech.leeonardo.pl\/wp-content\/uploads\/2026\/04\/SGSPRO-Product-Catalogue-Metric-2018-English-1.pdf\" target=\"_blank\" ><img decoding=\"async\" src=\"http:\/\/mtech.leeonardo.pl\/wp-content\/uploads\/2026\/04\/ATA-catalog-cover.png\" data-src=\"\" alt=\"ATA SGS pro katalog cover\" loading=\"lazy\" width=\"768\" height=\"1092\" data-aos=\"fade-left\" data-aos-easing=\"ease\" data-aos-duration=\"800\"\/><\/a><\/div>\n<\/div>\n <\/div><\/div>\n\n\n\n<div class=\"wp-block-greenshift-blocks-row alignwide gspb_row gspb_row-id-gsbp-ede2489\" id=\"gspb_row-id-gsbp-ede2489\"><div class=\"gspb_row__content\"> \n<div class=\"wp-block-greenshift-blocks-row-column gspb_row__col--6 gspb_col-id-gsbp-f33428d\" id=\"gspb_col-id-gsbp-f33428d\">\n<div class=\"wp-block-greenshift-blocks-image gspb_image gspb_image-id-gsbp-9771a2c\" id=\"gspb_image-id-gsbp-9771a2c\"><a href=\"http:\/\/mtech.leeonardo.pl\/wp-content\/uploads\/2026\/04\/OSG-GENERAL-CATALOG-VOL-VIII-PL-PL_LINK.pdf\" target=\"_blank\" ><img decoding=\"async\" src=\"http:\/\/mtech.leeonardo.pl\/wp-content\/uploads\/2026\/04\/OSG-catalog-cover.png\" data-src=\"\" alt=\"OSG catalog cover\" loading=\"lazy\" width=\"788\" height=\"1121\" data-aos=\"fade-right\" data-aos-easing=\"ease\" data-aos-duration=\"800\" data-aos-once=\"true\"\/><\/a><\/div>\n<\/div>\n\n\n\n<div class=\"wp-block-greenshift-blocks-row-column gspb_row__col--6 gspb_col-id-gsbp-3e4465e\" id=\"gspb_col-id-gsbp-3e4465e\">\n<h2 id=\"gspb_heading-id-gsbp-7dc6435\" class=\"gspb_heading gspb_heading-id-gsbp-7dc6435 \" data-aos=\"fade-left\" data-aos-easing=\"ease\" data-aos-duration=\"800\" data-aos-once=\"true\">OSG<\/h2>\n\n\n\n<div id=\"gspb_text-id-gsbp-7795842\" class=\"gspb_text gspb_text-id-gsbp-7795842 \" data-aos=\"fade-left\" data-aos-delay=\"200\" data-aos-easing=\"ease\" data-aos-duration=\"800\" data-aos-once=\"true\">Katalog OSG prezentuje kompleksow\u0105 ofert\u0119 narz\u0119dzi skrawaj\u0105cych do obr\u00f3bki metalu, obejmuj\u0105c\u0105 m.in. gwintowniki, wiert\u0142a, frezy, rozwiertaki oraz narz\u0119dzia sk\u0142adane, wraz ze szczeg\u00f3\u0142owymi danymi technicznymi, parametrami pracy i zastosowaniami w r\u00f3\u017cnych ga\u0142\u0119ziach przemys\u0142u.<br><br>Kliknij na ok\u0142adk\u0119 aby pobra\u0107 katalog<\/div>\n<\/div>\n <\/div><\/div>\n","protected":false},"excerpt":{"rendered":"","protected":false},"author":1,"featured_media":0,"parent":0,"menu_order":0,"comment_status":"closed","ping_status":"closed","template":"no-title","meta":{"_gspb_post_css":"@import url(https:\/\/fonts.googleapis.com\/css?family=Alegreya+Sans+SC|Alegreya+Sans+SC:500|Roboto|Roboto|Roboto|Roboto);#gspb_row-id-gsbp-f1515cd7-af22{justify-content:space-between;margin-top:0;margin-bottom:0;display:flex;flex-wrap:wrap;min-height:40vh;align-content:center;padding-top:120px;padding-bottom:110px;overflow:hidden;background-size:cover;background-repeat:no-repeat;background-position:51% 32%;background-image:url(http:\/\/mtech.leeonardo.pl\/wp-content\/uploads\/2026\/03\/lee_rg_premium_machining_tools_banner_carbide_milling_cutters_68acfab8-da5e-4f5c-a5fa-dee8e6ea00f6_3.png);isolation:isolate}#gspb_row-id-gsbp-f1515cd7-af22>.gspb_row__content{display:flex;justify-content:space-between;margin:0 auto;width:100%;flex-wrap:wrap;align-items:center}div[id^=gspb_col-id]{box-sizing:border-box;position:relative;padding:var(--gs-row-column-padding, 15px min(3vw, 20px))}body.gspb-bodyfront #gspb_row-id-gsbp-179e0ba>.gspb_row__content,body.gspb-bodyfront #gspb_row-id-gsbp-940315e>.gspb_row__content,body.gspb-bodyfront #gspb_row-id-gsbp-c2141f5>.gspb_row__content,body.gspb-bodyfront #gspb_row-id-gsbp-ede2489>.gspb_row__content,body.gspb-bodyfront #gspb_row-id-gsbp-f1515cd7-af22>.gspb_row__content{max-width:var(--wp--style--global--wide-size, 1200px)}#gspb_row-id-gsbp-f1515cd7-af22:hover{background-size:cover}#gspb_row-id-gsbp-f1515cd7-af22>.gspb_backgroundOverlay{position:absolute;top:0;left:0;width:100%;height:100%;z-index:-1;background-image:linear-gradient(120deg,#fff 38%,rgba(255,255,255,0) 82%)}#gspb_col-id-gsbp-a82714db-adbd.gspb_row__col--6{width:50%}@media (max-width:767.98px){#gspb_col-id-gsbp-a82714db-adbd.gspb_row__col--6{width:100%}}@media (max-width:575.98px){#gspb_col-id-gsbp-a82714db-adbd.gspb_row__col--6{width:100%}}#gspb_heading-id-gsbp-8d91297{font-weight:500;font-family:Alegreya Sans SC,sans-serif;text-transform:uppercase;font-size:clamp(5rem,5vw,4.5rem);line-height:clamp(4.5rem,4.5vw,6rem);text-align:left!important;margin-top:0;margin-bottom:20px}#gspb_heading-id-gsbp-8d91297 .gsap-g-line{text-align:left!important}#gspb_col-id-gsbp-20100a71-f038.gspb_row__col--6{width:50%}@media (max-width:767.98px){#gspb_col-id-gsbp-20100a71-f038.gspb_row__col--6{width:100%}}@media (max-width:575.98px){#gspb_col-id-gsbp-20100a71-f038.gspb_row__col--6{width:100%}}#gspb_row-id-gsbp-179e0ba>.gspb_row__content{display:flex;justify-content:space-between;margin:0 auto;width:100%;flex-wrap:wrap;align-items:center}#gspb_col-id-gsbp-721d3e5.gspb_row__col--6{width:50%}@media (max-width:575.98px){#gspb_col-id-gsbp-721d3e5.gspb_row__col--6{width:100%}}.gspb_text-id-gsbp-f9ee5d6{transition-duration:.8s;transition-timing-function:var(--gs-root-animation-easing, cubic-bezier(0.42, 0, 0.58, 1));opacity:var(--gs-root-animation-opacity, 0);transition-property:opacity,transform,filter;transform:var(--gs-root-animation-transform, translate3d(calc(max(50px, 15%) * -1), 0, 0))}#gspb_image-id-gsbp-1441ac3 img.aos-animate,#gspb_image-id-gsbp-1441ac3 img[data-gs-aos],#gspb_image-id-gsbp-8a4a2ab img.aos-animate,#gspb_image-id-gsbp-8a4a2ab img[data-gs-aos],.gspb_text-id-gsbp-f9ee5d6.aos-animate,.gspb_text-id-gsbp-f9ee5d6[data-gs-aos]{opacity:1;transform:translateZ(0)}#gspb_col-id-gsbp-e3f22f2.gspb_row__col--6{width:50%}@media (max-width:575.98px){#gspb_col-id-gsbp-e3f22f2.gspb_row__col--6{width:100%}}#gspb_image-id-gsbp-1441ac3 img{vertical-align:top;display:inline-block;box-sizing:border-box;max-width:100%;height:auto;transform:var(--gs-root-animation-transform, translate3d(calc(max(50px, 15%)), 0, 0))}#gspb_row-id-gsbp-179e0ba,#gspb_row-id-gsbp-940315e{justify-content:space-between;display:flex;flex-wrap:wrap;align-content:center;margin-top:50px;margin-bottom:50px}#gspb_row-id-gsbp-940315e>.gspb_row__content{display:flex;justify-content:space-between;margin:0 auto;width:100%;flex-wrap:wrap;align-items:center}#gspb_col-id-gsbp-36236b0.gspb_row__col--6{width:50%}@media (max-width:575.98px){#gspb_col-id-gsbp-36236b0.gspb_row__col--6{width:100%}}#gspb_heading-id-gsbp-56caec0,#gspb_image-id-gsbp-1441ac3 img,#gspb_image-id-gsbp-8a4a2ab img,.gspb_text-id-gsbp-3ef9d3e{transition-duration:.8s;transition-timing-function:var(--gs-root-animation-easing, cubic-bezier(0.42, 0, 0.58, 1));opacity:var(--gs-root-animation-opacity, 0);transition-property:opacity,transform,filter}#gspb_image-id-gsbp-8a4a2ab img{vertical-align:top;display:inline-block;box-sizing:border-box;max-width:100%;height:auto;transform:var(--gs-root-animation-transform, translate3d(calc(max(50px, 15%) * -1), 0, 0))}#gspb_col-id-gsbp-65e45b7.gspb_row__col--6{width:50%}@media (max-width:575.98px){#gspb_col-id-gsbp-65e45b7.gspb_row__col--6{width:100%}}#gspb_heading-id-gsbp-56caec0,.gspb_text-id-gsbp-3ef9d3e{transform:var(--gs-root-animation-transform, translate3d(calc(max(50px, 15%)), 0, 0))}#gspb_heading-id-gsbp-56caec0{font-weight:400;font-family:Roboto,sans-serif;text-transform:uppercase;color:#e3051e;margin-top:0}#gspb_heading-id-gsbp-56caec0.aos-animate,#gspb_heading-id-gsbp-56caec0[data-gs-aos]{opacity:1;transform:translateZ(0)}.gspb_text-id-gsbp-3ef9d3e{transition-delay:0s}.gspb_text-id-gsbp-3ef9d3e.aos-animate,.gspb_text-id-gsbp-3ef9d3e[data-gs-aos]{transition-delay:.2s;--gs-root-animation-delay:0.2s;opacity:1;transform:translateZ(0)}#gspb_row-id-gsbp-c2141f5{justify-content:space-between;display:flex;flex-wrap:wrap;align-content:center;margin-top:50px;margin-bottom:50px}#gspb_row-id-gsbp-c2141f5>.gspb_row__content{display:flex;justify-content:space-between;margin:0 auto;width:100%;flex-wrap:wrap;align-items:center}#gspb_col-id-gsbp-be74132.gspb_row__col--6{width:50%}@media (max-width:575.98px){#gspb_col-id-gsbp-be74132.gspb_row__col--6{width:100%}}#gspb_heading-id-gsbp-fc00784{font-weight:400;font-family:Roboto,sans-serif;text-transform:uppercase;color:#e3051e;margin-top:0}#gspb_heading-id-gsbp-fc00784.aos-animate,#gspb_heading-id-gsbp-fc00784[data-gs-aos],#gspb_image-id-gsbp-1925653 img.aos-animate,#gspb_image-id-gsbp-1925653 img[data-gs-aos],#gspb_image-id-gsbp-9771a2c img.aos-animate,#gspb_image-id-gsbp-9771a2c img[data-gs-aos]{opacity:1;transform:translateZ(0)}#gspb_heading-id-gsbp-fc00784,#gspb_image-id-gsbp-1925653 img,#gspb_image-id-gsbp-9771a2c img,.gspb_text-id-gsbp-266d2e0{transition-duration:.8s;transition-timing-function:var(--gs-root-animation-easing, cubic-bezier(0.42, 0, 0.58, 1));opacity:var(--gs-root-animation-opacity, 0);transition-property:opacity,transform,filter}#gspb_heading-id-gsbp-fc00784,.gspb_text-id-gsbp-266d2e0{transform:var(--gs-root-animation-transform, translate3d(calc(max(50px, 15%) * -1), 0, 0))}.gspb_text-id-gsbp-266d2e0{transition-delay:0s}#gspb_col-id-gsbp-8ad33e4.gspb_row__col--6{width:50%}@media (max-width:575.98px){#gspb_col-id-gsbp-8ad33e4.gspb_row__col--6{width:100%}}#gspb_image-id-gsbp-1925653 img,#gspb_image-id-gsbp-9771a2c img{vertical-align:top;display:inline-block;box-sizing:border-box;max-width:100%;height:auto}#gspb_image-id-gsbp-1925653 img{transform:var(--gs-root-animation-transform, translate3d(calc(max(50px, 15%)), 0, 0))}#gspb_row-id-gsbp-ede2489{justify-content:space-between;display:flex;flex-wrap:wrap;align-content:center;margin-top:50px;margin-bottom:50px}#gspb_row-id-gsbp-ede2489>.gspb_row__content{display:flex;justify-content:space-between;margin:0 auto;width:100%;flex-wrap:wrap;align-items:center}.gspb_row{position:relative}#gspb_col-id-gsbp-f33428d.gspb_row__col--6{width:50%}@media (max-width:575.98px){#gspb_col-id-gsbp-f33428d.gspb_row__col--6{width:100%}}#gspb_image-id-gsbp-9771a2c img{transform:var(--gs-root-animation-transform, translate3d(calc(max(50px, 15%) * -1), 0, 0))}#gspb_col-id-gsbp-3e4465e.gspb_row__col--6{width:50%}@media (max-width:575.98px){#gspb_col-id-gsbp-3e4465e.gspb_row__col--6{width:100%}}#gspb_heading-id-gsbp-7dc6435{font-weight:400;font-family:Roboto,sans-serif;text-transform:uppercase;color:#e3051e;margin-top:0}#gspb_heading-id-gsbp-6b58157.aos-animate,#gspb_heading-id-gsbp-6b58157[data-gs-aos],#gspb_heading-id-gsbp-7dc6435.aos-animate,#gspb_heading-id-gsbp-7dc6435[data-gs-aos]{opacity:1;transform:translateZ(0)}#gspb_heading-id-gsbp-6b58157,#gspb_heading-id-gsbp-7dc6435,.gspb_text-id-gsbp-7795842{transition-duration:.8s;transition-timing-function:var(--gs-root-animation-easing, cubic-bezier(0.42, 0, 0.58, 1));opacity:var(--gs-root-animation-opacity, 0);transition-property:opacity,transform,filter;transform:var(--gs-root-animation-transform, translate3d(calc(max(50px, 15%)), 0, 0))}.gspb_text-id-gsbp-7795842{transition-delay:0s}.gspb_text-id-gsbp-266d2e0.aos-animate,.gspb_text-id-gsbp-266d2e0[data-gs-aos],.gspb_text-id-gsbp-7795842.aos-animate,.gspb_text-id-gsbp-7795842[data-gs-aos]{transition-delay:.2s;--gs-root-animation-delay:0.2s;opacity:1;transform:translateZ(0)}#gspb_heading-id-gsbp-6b58157{font-weight:400;font-family:Roboto,sans-serif;text-transform:uppercase;color:#e3051e;margin-top:0}","footnotes":""},"class_list":["post-401","page","type-page","status-publish","hentry"],"_links":{"self":[{"href":"https:\/\/mtech.leeonardo.pl\/index.php\/wp-json\/wp\/v2\/pages\/401","targetHints":{"allow":["GET"]}}],"collection":[{"href":"https:\/\/mtech.leeonardo.pl\/index.php\/wp-json\/wp\/v2\/pages"}],"about":[{"href":"https:\/\/mtech.leeonardo.pl\/index.php\/wp-json\/wp\/v2\/types\/page"}],"author":[{"embeddable":true,"href":"https:\/\/mtech.leeonardo.pl\/index.php\/wp-json\/wp\/v2\/users\/1"}],"replies":[{"embeddable":true,"href":"https:\/\/mtech.leeonardo.pl\/index.php\/wp-json\/wp\/v2\/comments?post=401"}],"version-history":[{"count":11,"href":"https:\/\/mtech.leeonardo.pl\/index.php\/wp-json\/wp\/v2\/pages\/401\/revisions"}],"predecessor-version":[{"id":441,"href":"https:\/\/mtech.leeonardo.pl\/index.php\/wp-json\/wp\/v2\/pages\/401\/revisions\/441"}],"wp:attachment":[{"href":"https:\/\/mtech.leeonardo.pl\/index.php\/wp-json\/wp\/v2\/media?parent=401"}],"curies":[{"name":"wp","href":"https:\/\/api.w.org\/{rel}","templated":true}]}}